{"id":26632,"date":"2025-11-03T18:56:03","date_gmt":"2025-11-03T18:56:03","guid":{"rendered":"https:\/\/mosaicconnect.io\/unsere-geschichte\/"},"modified":"2026-02-08T14:25:52","modified_gmt":"2026-02-08T14:25:52","slug":"unsere-geschichte","status":"publish","type":"page","link":"https:\/\/mosaicconnect.io\/de\/unsere-geschichte\/","title":{"rendered":"Unsere Arbeitsweise"},"content":{"rendered":"\t\t<div data-elementor-type=\"wp-page\" data-elementor-id=\"26632\" class=\"elementor elementor-26632 elementor-26261\" data-elementor-post-type=\"page\">\n\t\t\t\t\t\t<section class=\"elementor-section elementor-top-section elementor-element elementor-element-26160f5 elementor-section-boxed elementor-section-height-default elementor-section-height-default\" data-id=\"26160f5\" data-element_type=\"section\" data-e-type=\"section\">\n\t\t\t\t\t\t<div class=\"elementor-container elementor-column-gap-default\">\n\t\t\t\t\t<div class=\"elementor-column elementor-col-100 elementor-top-column elementor-element elementor-element-76b1786\" data-id=\"76b1786\" data-element_type=\"column\" data-e-type=\"column\">\n\t\t\t<div class=\"elementor-widget-wrap elementor-element-populated\">\n\t\t\t\t\t\t<section class=\"elementor-section elementor-inner-section elementor-element elementor-element-1eec9da elementor-section-content-bottom elementor-section-boxed elementor-section-height-default elementor-section-height-default\" data-id=\"1eec9da\" data-element_type=\"section\" data-e-type=\"section\">\n\t\t\t\t\t\t<div class=\"elementor-container elementor-column-gap-default\">\n\t\t\t\t\t<div class=\"elementor-column elementor-col-50 elementor-inner-column elementor-element elementor-element-d10ae1f\" data-id=\"d10ae1f\" data-element_type=\"column\" data-e-type=\"column\">\n\t\t\t<div class=\"elementor-widget-wrap elementor-element-populated\">\n\t\t\t\t\t\t<div class=\"elementor-element elementor-element-5da2352 elementor-invisible elementor-widget elementor-widget-neuros_heading\" data-id=\"5da2352\" data-element_type=\"widget\" data-e-type=\"widget\" data-settings=\"{&quot;_animation&quot;:&quot;neuros_heading_animation&quot;,&quot;_animation_delay&quot;:300}\" data-widget_type=\"neuros_heading.default\">\n\t\t\t\t<div class=\"elementor-widget-container\">\n\t\t\t\t\t<div class=\"neuros-heading-widget\"><h2 class=\"neuros-heading\"><span class=\"neuros-heading-content has_gradient_color_text\">Kann Ihr Unternehmen das Jahr 2026<br \/>ohne ein intelligentes Verwaltungssystem \u00fcberleben?<\/span><\/h2><\/div>\t\t\t\t<\/div>\n\t\t\t\t<\/div>\n\t\t\t\t\t<\/div>\n\t\t<\/div>\n\t\t\t\t<div class=\"elementor-column elementor-col-50 elementor-inner-column elementor-element elementor-element-ee619ec\" data-id=\"ee619ec\" data-element_type=\"column\" data-e-type=\"column\">\n\t\t\t<div class=\"elementor-widget-wrap elementor-element-populated\">\n\t\t\t\t\t\t<div class=\"elementor-element elementor-element-591dadd neuros-button-border-style-gradient neuros-button-bakground-style-solid elementor-widget elementor-widget-neuros_button\" data-id=\"591dadd\" data-element_type=\"widget\" data-e-type=\"widget\" data-widget_type=\"neuros_button.default\">\n\t\t\t\t<div class=\"elementor-widget-container\">\n\t\t\t\t\t\n        <div class=\"button-widget\">\n            <div class=\"button-container\">\n                                <a class=\"neuros-button\" href=\"https:\/\/mosaicconnect.io\/unsere-dienstleistungen\/\" href=\"https:\/\/mosaicconnect.io\/unsere-dienstleistungen\/\" target=\"_blank\">Mehr \u00fcber unsere Dienstleistungen                        <span class=\"icon-button-arrow left\"><\/span><span class=\"icon-button-arrow right\"><\/span>                    \n                    <span class=\"button-inner\"><\/span>\n                <\/a>\n                            <\/div>\n        <\/div>\n        \t\t\t\t<\/div>\n\t\t\t\t<\/div>\n\t\t\t\t\t<\/div>\n\t\t<\/div>\n\t\t\t\t\t<\/div>\n\t\t<\/section>\n\t\t\t\t\t<\/div>\n\t\t<\/div>\n\t\t\t\t\t<\/div>\n\t\t<\/section>\n\t\t\t\t<section class=\"elementor-section elementor-top-section elementor-element elementor-element-ae5f36f elementor-section-boxed elementor-section-height-default elementor-section-height-default\" data-id=\"ae5f36f\" data-element_type=\"section\" data-e-type=\"section\">\n\t\t\t\t\t\t<div class=\"elementor-container elementor-column-gap-default\">\n\t\t\t\t\t<div class=\"elementor-column elementor-col-100 elementor-top-column elementor-element elementor-element-13ea2b7\" data-id=\"13ea2b7\" data-element_type=\"column\" data-e-type=\"column\">\n\t\t\t<div class=\"elementor-widget-wrap elementor-element-populated\">\n\t\t\t\t\t\t<div class=\"elementor-element elementor-element-26090ac elementor-widget elementor-widget-html\" data-id=\"26090ac\" data-element_type=\"widget\" data-e-type=\"widget\" data-widget_type=\"html.default\">\n\t\t\t\t<div class=\"elementor-widget-container\">\n\t\t\t\t\t <div class=\"mc-card-slider\">\r\n      <style>\r\n        .mc-card-slider {\r\n          background: #000;\r\n          position: relative;\r\n          font-family: system-ui, sans-serif;\r\n          color: #fff;\r\n          display: flex;\r\n          justify-content: center;\r\n          align-items: center;\r\n          border-radius: 18px;\r\n          overflow: hidden;\r\n          padding: 10px;\r\n        }\r\n\r\n        .mc-card-slider .wrapper {\r\n          width: 100%;\r\n          max-width: 900px;\r\n          position: relative;\r\n        }\r\n\r\n        .mc-card-slider .viewport {\r\n          position: relative;\r\n          width: 100%;\r\n          padding-top: 60%;\r\n          overflow: hidden;\r\n        }\r\n\r\n        @media (max-width: 768px) {\r\n          .mc-card-slider .viewport {\r\n            padding-top: 80%;\r\n          }\r\n        }\r\n\r\n        @media (max-width: 480px) {\r\n          .mc-card-slider .viewport {\r\n            padding-top: 100%;\r\n          }\r\n        }\r\n\r\n        .mc-card-slider .stage {\r\n          position: absolute;\r\n          inset: 0;\r\n          margin: auto;\r\n        }\r\n\r\n        .mc-card-slider .card {\r\n          position: absolute;\r\n          left: 50%;\r\n          top: 50%;\r\n          \/* width: 78%;\r\n          height: 90%; *\/\r\n          object-fit: contain !important;\r\n          border-radius: 18px;\r\n          overflow: hidden;\r\n          background: #000;\r\n          box-shadow: 0 18px 40px rgba(0, 0, 0, 0.55);\r\n          transform-origin: center center;\r\n          transform: translate(-50%, -50%) scale(0.7);\r\n          opacity: 0;\r\n          pointer-events: none;\r\n          transition: transform 0.8s cubic-bezier(0.22, 0.65, 0.18, 1),\r\n            opacity 0.6s ease;\r\n        }\r\n\r\n        @media (max-width: 768px) {\r\n          .mc-card-slider .card {\r\n            \/* width: 88%;\r\n            height: 74%; *\/\r\n          }\r\n        }\r\n\r\n        @media (max-width: 480px) {\r\n          .mc-card-slider .card {\r\n            \/* width: 92%;\r\n            height: 76%; *\/\r\n            border-radius: 14px;\r\n          }\r\n        }\r\n\r\n        .mc-card-slider .card img {\r\n          width: 100%;\r\n          height: 100%;\r\n          object-fit: cover;\r\n          display: block;\r\n        }\r\n\r\n        .card.is-active {\r\n          opacity: 1;\r\n          transform: translate(-50%, -50%) scale(1);\r\n          z-index: 3;\r\n          pointer-events: auto;\r\n        }\r\n\r\n        .card.is-prev {\r\n          opacity: 0.5;\r\n          transform: translate(-65%, -50%) scale(0.9);\r\n          z-index: 2;\r\n        }\r\n\r\n        .card.is-next {\r\n          opacity: 0.5;\r\n          transform: translate(-35%, -50%) scale(0.9);\r\n          z-index: 2;\r\n        }\r\n\r\n        \/* \u0634\u0631\u064a\u0637 \u0627\u0644\u062a\u062d\u0643\u0645 \u062a\u062d\u062a \u2013 \u064a\u0645\u064a\u0646\/\u064a\u0633\u0627\u0631\/\u0646\u0635 *\/\r\n        .mc-card-slider .controls {\r\n          position: absolute;\r\n          bottom: 12px;\r\n          left: 50%;\r\n          transform: translateX(-50%);\r\n          width: 92%;\r\n          max-width: 820px;\r\n          display: flex;\r\n          justify-content: space-between;\r\n          align-items: center;\r\n          z-index: 15;\r\n        }\r\n\r\n        .mc-card-slider .nav-btn {\r\n          border: none;\r\n          padding: 6px 16px;\r\n          border-radius: 999px;\r\n          cursor: pointer;\r\n          font-size: 0.9rem;\r\n          background: rgba(255, 255, 255, 0.14);\r\n          color: #ffffff;\r\n          font-weight: 500;\r\n          backdrop-filter: blur(6px);\r\n          border: 1px solid rgba(255, 255, 255, 0.28);\r\n          transition: 0.25s ease;\r\n        }\r\n\r\n        .mc-card-slider .nav-btn:hover {\r\n          background: rgba(255, 255, 255, 0.3);\r\n        }\r\n\r\n        .mc-card-slider .indicator {\r\n          font-size: 0.9rem;\r\n          color: #ffffff;\r\n          opacity: 0.85;\r\n          text-align: center;\r\n          flex: 0 0 auto;\r\n        }\r\n\r\n        \/* \u0632\u0631 \u0627\u0644\u062a\u0643\u0628\u064a\u0631 \u0623\u0639\u0644\u0649 \u0627\u0644\u064a\u0645\u064a\u0646 *\/\r\n        #fullscreenBtn {\r\n          position: absolute;\r\n          top: 14px;\r\n          right: 14px;\r\n          background: rgba(255, 255, 255, 0.15);\r\n          border: 1px solid rgba(255, 255, 255, 0.3);\r\n          color: #ffffff;\r\n          font-size: 0.9rem;\r\n          padding: 5px 12px;\r\n          border-radius: 8px;\r\n          cursor: pointer;\r\n          transition: 0.25s;\r\n          z-index: 20;\r\n        }\r\n\r\n        #fullscreenBtn:hover {\r\n          background: rgba(255, 255, 255, 0.3);\r\n        }\r\n      <\/style>\r\n\r\n      <div class=\"wrapper\">\r\n        <div class=\"viewport\">\r\n          <div class=\"stage\">\r\n            <div class=\"card\" data-index=\"0\">\r\n              <img decoding=\"async\"\r\n                src=\"http:\/\/mosaicconnect.io\/wp-content\/uploads\/2025\/12\/IMG-20251227-WA0054.jpg\"\r\n              \/>\r\n            <\/div>\r\n\r\n            <div class=\"card\" data-index=\"1\">\r\n              <img decoding=\"async\"\r\n                src=\"http:\/\/mosaicconnect.io\/wp-content\/uploads\/2025\/12\/IMG-20251227-WA0055.jpg\"\r\n              \/>\r\n            <\/div>\r\n\r\n            <div class=\"card\" data-index=\"2\">\r\n              <img decoding=\"async\"\r\n                src=\"http:\/\/mosaicconnect.io\/wp-content\/uploads\/2025\/12\/IMG-20251227-WA0057.jpg\"\r\n              \/>\r\n            <\/div>\r\n            <div class=\"card\" data-index=\"3\">\r\n              <img decoding=\"async\"\r\n                src=\"http:\/\/mosaicconnect.io\/wp-content\/uploads\/2025\/12\/IMG-20251227-WA0056.jpg\"\r\n              \/>\r\n            <\/div>\r\n            <div class=\"card\" data-index=\"4\">\r\n              <img decoding=\"async\"\r\n                src=\"http:\/\/mosaicconnect.io\/wp-content\/uploads\/2025\/12\/IMG-20251227-WA0058.jpg\"\r\n              \/>\r\n            <\/div>\r\n            <div class=\"card\" data-index=\"5\">\r\n              <img decoding=\"async\"\r\n                src=\"http:\/\/mosaicconnect.io\/wp-content\/uploads\/2025\/12\/IMG-20251227-WA0059.jpg\"\r\n              \/>\r\n            <\/div>\r\n          <\/div>\r\n        <\/div>\r\n\r\n        <div class=\"controls\">\r\n          <button class=\"nav-btn\" id=\"prevCard\">Zur\u00fcck<\/button>\r\n          <div class=\"indicator\" id=\"cardIndicator\">1 \/ 3<\/div>\r\n          <button class=\"nav-btn\" id=\"nextCard\">Weiter<\/button>\r\n        <\/div>\r\n\r\n        <button id=\"fullscreenBtn\">Vollbild<\/button>\r\n\r\n        <audio id=\"cardSound\" preload=\"auto\">\r\n          <source\r\n            src=\"http:\/\/mosaicconnect.io\/wp-content\/uploads\/2025\/11\/page-flip-99838.mp3\"\r\n            type=\"audio\/mpeg\"\r\n          \/>\r\n        <\/audio>\r\n\r\n        <audio id=\"bgMusic\" loop preload=\"auto\">\r\n          <source\r\n            src=\"http:\/\/mosaicconnect.io\/wp-content\/uploads\/2025\/11\/soft-piano-100-bpm-121529.mp3\"\r\n            type=\"audio\/mpeg\"\r\n          \/>\r\n        <\/audio>\r\n      <\/div>\r\n\r\n      <script>\r\n        (function () {\r\n          const root = document.currentScript.closest(\".mc-card-slider\");\r\n          const cards = Array.from(root.querySelectorAll(\".card\"));\r\n          const nextBtn = root.querySelector(\"#nextCard\");\r\n          const prevBtn = root.querySelector(\"#prevCard\");\r\n          const indicator = root.querySelector(\"#cardIndicator\");\r\n          const sound = root.querySelector(\"#cardSound\");\r\n          const bgMusic = root.querySelector(\"#bgMusic\");\r\n          const fullBtn = root.querySelector(\"#fullscreenBtn\");\r\n\r\n          let current = 0;\r\n          const total = cards.length;\r\n          let anim = false;\r\n\r\n          function playSound() {\r\n            if (!sound) return;\r\n            sound.currentTime = 0;\r\n            sound.play().catch(() => {});\r\n            sound.volume = 0.2;\r\n          }\r\n\r\n          function setClasses() {\r\n            cards.forEach((c, i) => {\r\n              c.classList.remove(\"is-active\", \"is-prev\", \"is-next\");\r\n              if (i === current) c.classList.add(\"is-active\");\r\n              else if (i === (current - 1 + total) % total)\r\n                c.classList.add(\"is-prev\");\r\n              else if (i === (current + 1) % total) c.classList.add(\"is-next\");\r\n            });\r\n            indicator.textContent = current + 1 + \" \/ \" + total;\r\n          }\r\n\r\n          function next() {\r\n            if (anim) return;\r\n            anim = true;\r\n            playSound();\r\n            current = (current + 1) % total;\r\n            setClasses();\r\n            setTimeout(() => (anim = false), 700);\r\n          }\r\n\r\n          function prev() {\r\n            if (anim) return;\r\n            anim = true;\r\n            playSound();\r\n            current = (current - 1 + total) % total;\r\n            setClasses();\r\n            setTimeout(() => (anim = false), 700);\r\n          }\r\n\r\n          fullBtn.addEventListener(\"click\", async () => {\r\n            if (!document.fullscreenElement) {\r\n              await root.requestFullscreen().catch(() => {});\r\n              try {\r\n                bgMusic.currentTime = 0;\r\n                bgMusic.volume = 0.6;\r\n                bgMusic.play().catch(() => {});\r\n              } catch (e) {}\r\n            } else {\r\n              document.exitFullscreen();\r\n            }\r\n          });\r\n\r\n          document.addEventListener(\"fullscreenchange\", () => {\r\n            if (!document.fullscreenElement) {\r\n              bgMusic.pause();\r\n            }\r\n          });\r\n\r\n          nextBtn.addEventListener(\"click\", next);\r\n          prevBtn.addEventListener(\"click\", prev);\r\n\r\n          \/\/ \u0643\u0644\u064a\u0643 \u0639\u0644\u0649 \u0627\u0644\u0643\u0627\u0631\u062a = \u0627\u0644\u062a\u0627\u0644\u064a\r\n          cards.forEach((card) => {\r\n            card.addEventListener(\"click\", () => {\r\n              if (card.classList.contains(\"is-active\")) next();\r\n            });\r\n          });\r\n\r\n          \/\/ \u0643\u064a\u0628\u0648\u0631\u062f\r\n          document.addEventListener(\"keydown\", (e) => {\r\n            if (e.key === \"ArrowRight\") next();\r\n            if (e.key === \"ArrowLeft\") prev();\r\n          });\r\n\r\n          setClasses();\r\n        })();\r\n      <\/script>\r\n    <\/div>\t\t\t\t<\/div>\n\t\t\t\t<\/div>\n\t\t\t\t\t<\/div>\n\t\t<\/div>\n\t\t\t\t\t<\/div>\n\t\t<\/section>\n\t\t\t\t<section class=\"elementor-section elementor-top-section elementor-element elementor-element-3de7861 elementor-section-full_width elementor-section-stretched elementor-section-container-padding-remove elementor-reverse-tablet elementor-reverse-mobile_extra elementor-reverse-mobile elementor-section-height-default elementor-section-height-default\" data-id=\"3de7861\" data-element_type=\"section\" data-e-type=\"section\" data-settings=\"{&quot;stretch_section&quot;:&quot;section-stretched&quot;}\">\n\t\t\t\t\t\t<div class=\"elementor-container elementor-column-gap-wide\">\n\t\t\t\t\t<div class=\"elementor-column elementor-col-50 elementor-top-column elementor-element elementor-element-6100e46 elementor-invisible\" data-id=\"6100e46\" data-element_type=\"column\" data-e-type=\"column\" data-settings=\"{&quot;animation&quot;:&quot;fadeIn&quot;,&quot;animation_delay&quot;:400}\">\n\t\t\t<div class=\"elementor-widget-wrap elementor-element-populated\">\n\t\t\t\t\t\t<section class=\"elementor-section elementor-inner-section elementor-element elementor-element-151f7c9 elementor-section-height-min-height elementor-section-boxed elementor-section-height-default\" data-id=\"151f7c9\" data-element_type=\"section\" data-e-type=\"section\" data-settings=\"{&quot;background_background&quot;:&quot;classic&quot;}\">\n\t\t\t\t\t\t<div class=\"elementor-container elementor-column-gap-default\">\n\t\t\t\t\t<div class=\"elementor-column elementor-col-100 elementor-inner-column elementor-element elementor-element-00ff78e\" data-id=\"00ff78e\" data-element_type=\"column\" data-e-type=\"column\">\n\t\t\t<div class=\"elementor-widget-wrap\">\n\t\t\t\t\t\t\t<\/div>\n\t\t<\/div>\n\t\t\t\t\t<\/div>\n\t\t<\/section>\n\t\t\t\t\t<\/div>\n\t\t<\/div>\n\t\t\t\t<div class=\"elementor-column elementor-col-50 elementor-top-column elementor-element elementor-element-d2f2a98 elementor-invisible\" data-id=\"d2f2a98\" data-element_type=\"column\" data-e-type=\"column\" data-settings=\"{&quot;background_background&quot;:&quot;classic&quot;,&quot;animation&quot;:&quot;fadeInUp&quot;}\">\n\t\t\t<div class=\"elementor-widget-wrap elementor-element-populated\">\n\t\t\t\t\t\t<section class=\"elementor-section elementor-inner-section elementor-element elementor-element-5a17451 elementor-section-height-min-height elementor-section-boxed elementor-section-height-default\" data-id=\"5a17451\" data-element_type=\"section\" data-e-type=\"section\">\n\t\t\t\t\t\t<div class=\"elementor-container elementor-column-gap-default\">\n\t\t\t\t\t<div class=\"elementor-column elementor-col-100 elementor-inner-column elementor-element elementor-element-cc2ba48\" data-id=\"cc2ba48\" data-element_type=\"column\" data-e-type=\"column\">\n\t\t\t<div class=\"elementor-widget-wrap elementor-element-populated\">\n\t\t\t\t\t\t<div class=\"elementor-element elementor-element-8122022 elementor-widget elementor-widget-text-editor\" data-id=\"8122022\" data-element_type=\"widget\" data-e-type=\"widget\" data-widget_type=\"text-editor.default\">\n\t\t\t\t<div class=\"elementor-widget-container\">\n\t\t\t\t\t\t\t\t\t<p>\u00a0<\/p><h2>So arbeiten wir<\/h2><h3>Einf\u00fchrung<\/h3><p>K\u00fcnstliche Intelligenz hat sich heute so weit entwickelt, dass komplette Websites oder Online-Shops innerhalb weniger Minuten erstellt werden k\u00f6nnen.<br \/>Das ist ein bedeutender technologischer Fortschritt, insbesondere f\u00fcr Start-ups.<\/p><p>Doch die entscheidende Frage lautet:<br \/>Was ist mit internationalen Unternehmen und gro\u00dfen E-Commerce-Systemen, die umfangreiche Daten verwalten und auf komplexen Infrastrukturen basieren \u2013 sei es individuell entwickelt oder \u00fcber Plattformen wie <strong>WordPress, WooCommerce und andere Websysteme<\/strong>?<\/p><p>Genau hier beginnt die Rolle des <strong>intelligenten Managements<\/strong>.<\/p><hr \/><h3>Unser Ansatz<\/h3><p>Wir b\u00fcndeln technisches Fachwissen in einem <strong>KI-gest\u00fctzten Managementsystem<\/strong>, das Arbeitsabl\u00e4ufe organisiert, Aufgaben verteilt und die Umsetzung jedes Projekts in Echtzeit \u00fcberwacht.<\/p><p>Sobald ein Spezialist in die Arbeitsumgebung integriert wird, \u00fcbermittelt das intelligente System automatisch alle projektbezogenen Aufgaben, steuert die Ausf\u00fchrungsschritte und kontrolliert Qualit\u00e4t sowie Leistung \u2013 unter direkter Aufsicht der KI als <strong>virtueller Manager<\/strong>.<\/p><p>Der Prozess startet mit einer <strong>umfassenden Analyse der bestehenden digitalen Infrastruktur<\/strong>.<br \/>Anschlie\u00dfend wird der Workflow neu strukturiert auf Basis von:<\/p><ul><li>Gesch\u00e4ftsprozess-Automatisierung<\/li><li>Verhaltensanalytik<\/li><li>Virtuellen B\u00fcrostrukturen<\/li><\/ul><p>So gew\u00e4hrleisten wir einen <strong>durchg\u00e4ngigen, unterbrechungsfreien Betrieb<\/strong> aller Gesch\u00e4ftsprozesse.<\/p><p>Die intelligente Managementebene \u00fcbernimmt zudem:<\/p><ul><li>Pr\u00e4zise Erfassung der Arbeitszeiten<\/li><li>Exakte Erinnerungen an Abgabetermine<\/li><li>Sofortige Kundenberichte<\/li><li>Vollst\u00e4ndige operative Kontrolle ohne direktes menschliches Eingreifen<\/li><\/ul><hr \/><h3>Das Ergebnis<\/h3><p>Durch dieses Modell werden klassische Websysteme in <strong>intelligente Websites und E-Commerce-Plattformen im 24\/7-Betrieb<\/strong> verwandelt, die kleine wie gro\u00dfe Teams mit derselben Effizienz steuern k\u00f6nnen.<\/p><p>Das f\u00fchrt zu:<\/p><ul><li>Schnelleren Entscheidungen<\/li><li>Niedrigeren Betriebskosten<\/li><li>Skalierbarem digitalem Wachstum<\/li><li>H\u00f6herer Wettbewerbsf\u00e4higkeit in modernen digitalen M\u00e4rkten<\/li><\/ul><p>Das Endergebnis ist eine <strong>vollst\u00e4ndig integrierte digitale Betriebsinfrastruktur<\/strong>, die Unternehmen echte und sichere Skalierbarkeit erm\u00f6glicht.<\/p><p><strong>Wir entwickeln nicht nur Websites.<br \/>Wir entwickeln das Betriebssystem, das sie steuert.<\/strong><\/p><hr \/><p>\u00a0<\/p>\t\t\t\t\t\t\t\t<\/div>\n\t\t\t\t<\/div>\n\t\t\t\t<div class=\"elementor-element elementor-element-7fcca46 elementor-widget__width-initial neuros-button-border-style-gradient neuros-button-bakground-style-solid elementor-widget elementor-widget-neuros_button\" data-id=\"7fcca46\" data-element_type=\"widget\" data-e-type=\"widget\" data-widget_type=\"neuros_button.default\">\n\t\t\t\t<div class=\"elementor-widget-container\">\n\t\t\t\t\t\n        <div class=\"button-widget\">\n            <div class=\"button-container\">\n                                <a class=\"neuros-button\" href=\"https:\/\/mosaicconnect.io\/intelligentes-management\/\" href=\"https:\/\/mosaicconnect.io\/intelligentes-management\/\" target=\"_blank\">Intelligente Verwaltung                        <span class=\"icon-button-arrow left\"><\/span><span class=\"icon-button-arrow right\"><\/span>                    \n                    <span class=\"button-inner\"><\/span>\n                <\/a>\n                            <\/div>\n        <\/div>\n        \t\t\t\t<\/div>\n\t\t\t\t<\/div>\n\t\t\t\t\t<\/div>\n\t\t<\/div>\n\t\t\t\t\t<\/div>\n\t\t<\/section>\n\t\t\t\t\t<\/div>\n\t\t<\/div>\n\t\t\t\t\t<\/div>\n\t\t<\/section>\n\t\t\t\t<\/div>\n\t\t","protected":false},"excerpt":{"rendered":"<p>Zur\u00fcck 1 \/ 3 Weiter Vollbild So arbeiten wir Einf\u00fchrung K\u00fcnstliche Intelligenz hat sich heute so weit entwickelt, dass komplette Websites oder Online-Shops innerhalb weniger Minuten erstellt werden k\u00f6nnen. Das ist ein bedeutender technologischer Fortschritt, insbesondere f\u00fcr Start-ups. Doch die entscheidende&#8230;<\/p>\n","protected":false},"author":1,"featured_media":0,"parent":0,"menu_order":0,"comment_status":"closed","ping_status":"closed","template":"","meta":{"_joinchat":[],"footnotes":""},"class_list":["post-26632","page","type-page","status-publish","hentry"],"_hostinger_reach_plugin_has_subscription_block":false,"_hostinger_reach_plugin_is_elementor":false,"_links":{"self":[{"href":"https:\/\/mosaicconnect.io\/de\/wp-json\/wp\/v2\/pages\/26632","targetHints":{"allow":["GET"]}}],"collection":[{"href":"https:\/\/mosaicconnect.io\/de\/wp-json\/wp\/v2\/pages"}],"about":[{"href":"https:\/\/mosaicconnect.io\/de\/wp-json\/wp\/v2\/types\/page"}],"author":[{"embeddable":true,"href":"https:\/\/mosaicconnect.io\/de\/wp-json\/wp\/v2\/users\/1"}],"replies":[{"embeddable":true,"href":"https:\/\/mosaicconnect.io\/de\/wp-json\/wp\/v2\/comments?post=26632"}],"version-history":[{"count":32,"href":"https:\/\/mosaicconnect.io\/de\/wp-json\/wp\/v2\/pages\/26632\/revisions"}],"predecessor-version":[{"id":28515,"href":"https:\/\/mosaicconnect.io\/de\/wp-json\/wp\/v2\/pages\/26632\/revisions\/28515"}],"wp:attachment":[{"href":"https:\/\/mosaicconnect.io\/de\/wp-json\/wp\/v2\/media?parent=26632"}],"curies":[{"name":"wp","href":"https:\/\/api.w.org\/{rel}","templated":true}]}}