{"id":26191,"date":"2025-10-29T15:57:41","date_gmt":"2025-10-29T15:57:41","guid":{"rendered":"https:\/\/mosaicconnect.io\/?page_id=26191"},"modified":"2025-10-30T19:52:00","modified_gmt":"2025-10-30T19:52:00","slug":"automatisierte-mitarbeiter","status":"publish","type":"page","link":"https:\/\/mosaicconnect.io\/de\/automatisierte-mitarbeiter\/","title":{"rendered":"Automatisierte Mitarbeiter"},"content":{"rendered":"\t\t<div data-elementor-type=\"wp-page\" data-elementor-id=\"26191\" class=\"elementor elementor-26191\" data-elementor-post-type=\"page\">\n\t\t\t\t\t\t<section class=\"elementor-section elementor-top-section elementor-element elementor-element-6ffe355 elementor-section-boxed elementor-section-height-default elementor-section-height-default\" data-id=\"6ffe355\" data-element_type=\"section\" data-e-type=\"section\">\n\t\t\t\t\t\t<div class=\"elementor-container elementor-column-gap-default\">\n\t\t\t\t\t<div class=\"elementor-column elementor-col-50 elementor-top-column elementor-element elementor-element-97cd33e\" data-id=\"97cd33e\" data-element_type=\"column\" data-e-type=\"column\">\n\t\t\t<div class=\"elementor-widget-wrap elementor-element-populated\">\n\t\t\t\t\t\t<div class=\"elementor-element elementor-element-1032d5d elementor-invisible elementor-widget elementor-widget-neuros_heading\" data-id=\"1032d5d\" data-element_type=\"widget\" data-e-type=\"widget\" data-settings=\"{&quot;_animation&quot;:&quot;neuros_heading_animation&quot;,&quot;_animation_delay&quot;:300}\" data-widget_type=\"neuros_heading.default\">\n\t\t\t\t<div class=\"elementor-widget-container\">\n\t\t\t\t\t<div class=\"neuros-heading-widget\"><h2 class=\"neuros-heading\"><span class=\"neuros-subheading\">Team<\/span><span class=\"neuros-heading-content has_gradient_color_text\">Die KI-Netzwerkexperten: Kombinieren Sie Talente f\u00fcr intelligentere L\u00f6sungen.<\/span><\/h2><\/div>\t\t\t\t<\/div>\n\t\t\t\t<\/div>\n\t\t\t\t\t<\/div>\n\t\t<\/div>\n\t\t\t\t<div class=\"elementor-column elementor-col-50 elementor-top-column elementor-element elementor-element-b6d48c6\" data-id=\"b6d48c6\" data-element_type=\"column\" data-e-type=\"column\">\n\t\t\t<div class=\"elementor-widget-wrap elementor-element-populated\">\n\t\t\t\t\t\t<div class=\"elementor-element elementor-element-f64f26a elementor-widget__width-auto elementor-widget elementor-widget-counter\" data-id=\"f64f26a\" data-element_type=\"widget\" data-e-type=\"widget\" data-widget_type=\"counter.default\">\n\t\t\t\t<div class=\"elementor-widget-container\">\n\t\t\t\t\t\t\t<div class=\"elementor-counter\">\n\t\t\t<div class=\"elementor-counter-title\">Tolle Teammitglieder<\/div>\t\t\t<div class=\"elementor-counter-number-wrapper\">\n\t\t\t\t<span class=\"elementor-counter-number-prefix\"><\/span>\n\t\t\t\t<span class=\"elementor-counter-number\" data-duration=\"2000\" data-to-value=\"31\" data-from-value=\"0\" data-delimiter=\",\">0<\/span>\n\t\t\t\t<span class=\"elementor-counter-number-suffix\">+<\/span>\n\t\t\t<\/div>\n\t\t<\/div>\n\t\t\t\t\t\t<\/div>\n\t\t\t\t<\/div>\n\t\t\t\t\t<\/div>\n\t\t<\/div>\n\t\t\t\t\t<\/div>\n\t\t<\/section>\n\t\t\t\t<section class=\"elementor-section elementor-top-section elementor-element elementor-element-5981807 elementor-section-boxed elementor-section-height-default elementor-section-height-default\" data-id=\"5981807\" data-element_type=\"section\" data-e-type=\"section\">\n\t\t\t\t\t\t<div class=\"elementor-container elementor-column-gap-default\">\n\t\t\t\t\t<div class=\"elementor-column elementor-col-33 elementor-top-column elementor-element elementor-element-e9f7c47\" data-id=\"e9f7c47\" data-element_type=\"column\" data-e-type=\"column\">\n\t\t\t<div class=\"elementor-widget-wrap elementor-element-populated\">\n\t\t\t\t\t\t<div class=\"elementor-element elementor-element-04cc636 elementor-widget elementor-widget-image\" data-id=\"04cc636\" data-element_type=\"widget\" data-e-type=\"widget\" data-widget_type=\"image.default\">\n\t\t\t\t<div class=\"elementor-widget-container\">\n\t\t\t\t\t\t\t\t\t\t\t\t\t\t\t<img fetchpriority=\"high\" decoding=\"async\" width=\"1024\" height=\"1024\" src=\"https:\/\/mosaicconnect.io\/wp-content\/uploads\/2025\/10\/IMG-20251015-WA0022-1024x1024.jpg\" class=\"attachment-large size-large wp-image-25306\" alt=\"\" srcset=\"https:\/\/mosaicconnect.io\/wp-content\/uploads\/2025\/10\/IMG-20251015-WA0022-1024x1024.jpg 1024w, https:\/\/mosaicconnect.io\/wp-content\/uploads\/2025\/10\/IMG-20251015-WA0022-300x300.jpg 300w, https:\/\/mosaicconnect.io\/wp-content\/uploads\/2025\/10\/IMG-20251015-WA0022-150x150.jpg 150w, https:\/\/mosaicconnect.io\/wp-content\/uploads\/2025\/10\/IMG-20251015-WA0022-768x768.jpg 768w, https:\/\/mosaicconnect.io\/wp-content\/uploads\/2025\/10\/IMG-20251015-WA0022-960x960.jpg 960w, https:\/\/mosaicconnect.io\/wp-content\/uploads\/2025\/10\/IMG-20251015-WA0022-640x640.jpg 640w, https:\/\/mosaicconnect.io\/wp-content\/uploads\/2025\/10\/IMG-20251015-WA0022-500x500.jpg 500w, https:\/\/mosaicconnect.io\/wp-content\/uploads\/2025\/10\/IMG-20251015-WA0022-384x384.jpg 384w, https:\/\/mosaicconnect.io\/wp-content\/uploads\/2025\/10\/IMG-20251015-WA0022-320x320.jpg 320w, https:\/\/mosaicconnect.io\/wp-content\/uploads\/2025\/10\/IMG-20251015-WA0022.jpg 1080w\" sizes=\"(max-width: 1024px) 100vw, 1024px\">\t\t\t\t\t\t\t\t\t\t\t\t\t\t\t<\/div>\n\t\t\t\t<\/div>\n\t\t\t\t<div class=\"elementor-element elementor-element-39abb3a elementor-widget elementor-widget-neuros_heading\" data-id=\"39abb3a\" data-element_type=\"widget\" data-e-type=\"widget\" data-widget_type=\"neuros_heading.default\">\n\t\t\t\t<div class=\"elementor-widget-container\">\n\t\t\t\t\t<div class=\"neuros-heading-widget\"><h2 class=\"neuros-heading\"><span class=\"neuros-heading-content has_gradient_color_text\">Abdelghani.Cairo<\/span><\/h2><\/div>\t\t\t\t<\/div>\n\t\t\t\t<\/div>\n\t\t\t\t<div class=\"elementor-element elementor-element-26ddba3 elementor-widget elementor-widget-text-editor\" data-id=\"26ddba3\" data-element_type=\"widget\" data-e-type=\"widget\" data-widget_type=\"text-editor.default\">\n\t\t\t\t<div class=\"elementor-widget-container\">\n\t\t\t\t\t\t\t\t\t<p>\u00a0<\/p><p>Von Kairo nach Deutschland \ud83c\udde9\ud83c\uddea\ud83c\uddea\ud83c\uddec<br \/>Mein Team in Kairo und ich sind mit dem MosaicConnect-System verbunden.<br \/>Alles, was Sie an Programmierern und Spezialisten brauchen \u2013 wir sind hier, um kluge K\u00f6pfe zu vereinen und bereit, die gr\u00f6\u00dften deutsch-arabischen Unternehmen zu automatisieren \u2013 in allen Sprachen.<\/p>\t\t\t\t\t\t\t\t<\/div>\n\t\t\t\t<\/div>\n\t\t\t\t<div class=\"elementor-element elementor-element-e5de81b neuros-button-border-style-gradient neuros-button-bakground-style-solid elementor-widget elementor-widget-neuros_button\" data-id=\"e5de81b\" data-element_type=\"widget\" data-e-type=\"widget\" data-widget_type=\"neuros_button.default\">\n\t\t\t\t<div class=\"elementor-widget-container\">\n\t\t\t\t\t\n        <div class=\"button-widget\">\n            <div class=\"button-container\">\n                                <a class=\"neuros-button\" href=\"https:\/\/mosaicconnect.io\/unsere-vision\/\" href=\"https:\/\/mosaicconnect.io\/unsere-vision\/\" target=\"_blank\">Chatten Sie mit US                        <span class=\"icon-button-arrow left\"><\/span><span class=\"icon-button-arrow right\"><\/span>                    \n                    <span class=\"button-inner\"><\/span>\n                <\/a>\n                            <\/div>\n        <\/div>\n        \t\t\t\t<\/div>\n\t\t\t\t<\/div>\n\t\t\t\t\t<\/div>\n\t\t<\/div>\n\t\t\t\t<div class=\"elementor-column elementor-col-33 elementor-top-column elementor-element elementor-element-000b6c3\" data-id=\"000b6c3\" data-element_type=\"column\" data-e-type=\"column\">\n\t\t\t<div class=\"elementor-widget-wrap elementor-element-populated\">\n\t\t\t\t\t\t<div class=\"elementor-element elementor-element-25df6e0 elementor-widget elementor-widget-image\" data-id=\"25df6e0\" data-element_type=\"widget\" data-e-type=\"widget\" data-widget_type=\"image.default\">\n\t\t\t\t<div class=\"elementor-widget-container\">\n\t\t\t\t\t\t\t\t\t\t\t\t\t\t\t<img decoding=\"async\" width=\"1024\" height=\"1024\" src=\"https:\/\/mosaicconnect.io\/wp-content\/uploads\/2025\/10\/IMG-20251015-WA0026-1024x1024.jpg\" class=\"attachment-large size-large wp-image-25316\" alt=\"\" srcset=\"https:\/\/mosaicconnect.io\/wp-content\/uploads\/2025\/10\/IMG-20251015-WA0026-1024x1024.jpg 1024w, https:\/\/mosaicconnect.io\/wp-content\/uploads\/2025\/10\/IMG-20251015-WA0026-300x300.jpg 300w, https:\/\/mosaicconnect.io\/wp-content\/uploads\/2025\/10\/IMG-20251015-WA0026-150x150.jpg 150w, https:\/\/mosaicconnect.io\/wp-content\/uploads\/2025\/10\/IMG-20251015-WA0026-768x768.jpg 768w, https:\/\/mosaicconnect.io\/wp-content\/uploads\/2025\/10\/IMG-20251015-WA0026-960x960.jpg 960w, https:\/\/mosaicconnect.io\/wp-content\/uploads\/2025\/10\/IMG-20251015-WA0026-640x640.jpg 640w, https:\/\/mosaicconnect.io\/wp-content\/uploads\/2025\/10\/IMG-20251015-WA0026-500x500.jpg 500w, https:\/\/mosaicconnect.io\/wp-content\/uploads\/2025\/10\/IMG-20251015-WA0026-384x384.jpg 384w, https:\/\/mosaicconnect.io\/wp-content\/uploads\/2025\/10\/IMG-20251015-WA0026-320x320.jpg 320w, https:\/\/mosaicconnect.io\/wp-content\/uploads\/2025\/10\/IMG-20251015-WA0026.jpg 1080w\" sizes=\"(max-width: 1024px) 100vw, 1024px\">\t\t\t\t\t\t\t\t\t\t\t\t\t\t\t<\/div>\n\t\t\t\t<\/div>\n\t\t\t\t<div class=\"elementor-element elementor-element-61cb4a8 elementor-widget elementor-widget-neuros_heading\" data-id=\"61cb4a8\" data-element_type=\"widget\" data-e-type=\"widget\" data-widget_type=\"neuros_heading.default\">\n\t\t\t\t<div class=\"elementor-widget-container\">\n\t\t\t\t\t<div class=\"neuros-heading-widget\"><h2 class=\"neuros-heading\"><span class=\"neuros-heading-content has_gradient_color_text\">Mohamed Alkudaimi .Wuppertal\u00a0<\/span><\/h2><\/div>\t\t\t\t<\/div>\n\t\t\t\t<\/div>\n\t\t\t\t<div class=\"elementor-element elementor-element-b29cf9e elementor-widget elementor-widget-text-editor\" data-id=\"b29cf9e\" data-element_type=\"widget\" data-e-type=\"widget\" data-widget_type=\"text-editor.default\">\n\t\t\t\t<div class=\"elementor-widget-container\">\n\t\t\t\t\t\t\t\t\t<p>\u00a0<\/p><p><span dir=\"auto\" style=\"vertical-align: inherit;\"><span dir=\"auto\" style=\"vertical-align: inherit;\"><span dir=\"auto\" style=\"vertical-align: inherit;\"><span dir=\"auto\" style=\"vertical-align: inherit;\">\u0641\u064a \u0639\u0635\u0631\u064d \u062a\u0644\u062a\u0647\u0645 \u0641\u064a\u0647 \u0627\u0644\u0623\u062f\u0648\u0627\u062a \u0627\u0644\u0630\u0643\u064a\u0629 \u0623\u0643\u062b\u0631 \u0645\u0646 \u0645\u062c\u0631\u062f \u0627\u0644\u0646\u0638\u0631\u0629 <\/span><\/span><\/span><\/span><br \/><span dir=\"auto\" style=\"vertical-align: inherit;\"><span dir=\"auto\" style=\"vertical-align: inherit;\"><span dir=\"auto\" style=\"vertical-align: inherit;\"><span dir=\"auto\" style=\"vertical-align: inherit;\">\u060c \u0648\u062a\u062d\u0648\u064a\u0644 \u0627\u0644\u0645\u0639\u0631\u0641\u0629 \u0625\u0644\u0649 \u0639\u0646\u0627\u0635\u0631 \u0645\u0633\u062a\u0642\u0644\u0629 \u0644\u0627 \u062a\u0646\u0627\u0645 \ud83e\udde0\ud83d\udcbb\u060c <\/span><\/span><\/span><\/span><br \/><span dir=\"auto\" style=\"vertical-align: inherit;\"><span dir=\"auto\" style=\"vertical-align: inherit;\"><span dir=\"auto\" style=\"vertical-align: inherit;\"><span dir=\"auto\" style=\"vertical-align: inherit;\">\u0644\u0645 \u062a\u0638\u0647\u0631 \u0628\u0648\u0636\u0648\u062d \u062d\u0643\u0631\u064b\u0627 \u0639\u0644\u0649 \u062d\u0627\u0645\u0644\u064a \u0627\u0644\u0634\u0647\u0627\u062f\u0627\u062a \ud83c\udf93\u060c <\/span><\/span><\/span><\/span><br \/><span dir=\"auto\" style=\"vertical-align: inherit;\"><span dir=\"auto\" style=\"vertical-align: inherit;\"><span dir=\"auto\" style=\"vertical-align: inherit;\"><span dir=\"auto\" style=\"vertical-align: inherit;\">\u0628\u0644 \u0639\u0644\u0649 \u0645\u0646 \u064a\u064f\u0639\u0644\u0650\u0651\u0645\u0648\u0646 \u064a\u0642\u0648\u062f\u0648\u0646 \u0627\u0644\u062a\u0641\u0643\u064a\u0631 \u2699\ufe0f. <\/span><\/span><\/span><\/span><br \/><span dir=\"auto\" style=\"vertical-align: inherit;\"><span dir=\"auto\" style=\"vertical-align: inherit;\"><span dir=\"auto\" style=\"vertical-align: inherit;\"><span dir=\"auto\" style=\"vertical-align: inherit;\">\u0646\u062d\u0646 \u0627\u0644\u062c\u064a\u0644 \u0627\u0644\u0630\u064a \u0644\u0627 \u064a\u0646\u062a\u0638\u0631 \u0627\u0644\u0641\u0631\u0635\u060c \u0628\u0644 \u0646\u0628\u0631\u0645\u062c\u0647\u0627 \ud83d\ude80\u2728.<\/span><\/span><\/span><\/span><\/p>\t\t\t\t\t\t\t\t<\/div>\n\t\t\t\t<\/div>\n\t\t\t\t<div class=\"elementor-element elementor-element-1c5ad74 neuros-button-border-style-gradient neuros-button-bakground-style-solid elementor-widget elementor-widget-neuros_button\" data-id=\"1c5ad74\" data-element_type=\"widget\" data-e-type=\"widget\" data-widget_type=\"neuros_button.default\">\n\t\t\t\t<div class=\"elementor-widget-container\">\n\t\t\t\t\t\n        <div class=\"button-widget\">\n            <div class=\"button-container\">\n                                <a class=\"neuros-button\" href=\"https:\/\/mosaicconnect.io\/unsere-vision\/\" href=\"https:\/\/mosaicconnect.io\/unsere-vision\/\" target=\"_blank\">Chatten Sie mit US                        <span class=\"icon-button-arrow left\"><\/span><span class=\"icon-button-arrow right\"><\/span>                    \n                    <span class=\"button-inner\"><\/span>\n                <\/a>\n                            <\/div>\n        <\/div>\n        \t\t\t\t<\/div>\n\t\t\t\t<\/div>\n\t\t\t\t\t<\/div>\n\t\t<\/div>\n\t\t\t\t<div class=\"elementor-column elementor-col-33 elementor-top-column elementor-element elementor-element-e166586\" data-id=\"e166586\" data-element_type=\"column\" data-e-type=\"column\">\n\t\t\t<div class=\"elementor-widget-wrap elementor-element-populated\">\n\t\t\t\t\t\t<div class=\"elementor-element elementor-element-85c7ada elementor-widget elementor-widget-image\" data-id=\"85c7ada\" data-element_type=\"widget\" data-e-type=\"widget\" data-widget_type=\"image.default\">\n\t\t\t\t<div class=\"elementor-widget-container\">\n\t\t\t\t\t\t\t\t\t\t\t\t\t\t\t<img decoding=\"async\" width=\"1024\" height=\"1024\" src=\"https:\/\/mosaicconnect.io\/wp-content\/uploads\/2025\/10\/IMG-20251015-WA0020-1024x1024.jpg\" class=\"attachment-large size-large wp-image-25294\" alt=\"\" srcset=\"https:\/\/mosaicconnect.io\/wp-content\/uploads\/2025\/10\/IMG-20251015-WA0020-1024x1024.jpg 1024w, https:\/\/mosaicconnect.io\/wp-content\/uploads\/2025\/10\/IMG-20251015-WA0020-300x300.jpg 300w, https:\/\/mosaicconnect.io\/wp-content\/uploads\/2025\/10\/IMG-20251015-WA0020-150x150.jpg 150w, https:\/\/mosaicconnect.io\/wp-content\/uploads\/2025\/10\/IMG-20251015-WA0020-768x768.jpg 768w, https:\/\/mosaicconnect.io\/wp-content\/uploads\/2025\/10\/IMG-20251015-WA0020-960x960.jpg 960w, https:\/\/mosaicconnect.io\/wp-content\/uploads\/2025\/10\/IMG-20251015-WA0020-640x640.jpg 640w, https:\/\/mosaicconnect.io\/wp-content\/uploads\/2025\/10\/IMG-20251015-WA0020-500x500.jpg 500w, https:\/\/mosaicconnect.io\/wp-content\/uploads\/2025\/10\/IMG-20251015-WA0020-384x384.jpg 384w, https:\/\/mosaicconnect.io\/wp-content\/uploads\/2025\/10\/IMG-20251015-WA0020-320x320.jpg 320w, https:\/\/mosaicconnect.io\/wp-content\/uploads\/2025\/10\/IMG-20251015-WA0020.jpg 1080w\" sizes=\"(max-width: 1024px) 100vw, 1024px\">\t\t\t\t\t\t\t\t\t\t\t\t\t\t\t<\/div>\n\t\t\t\t<\/div>\n\t\t\t\t<div class=\"elementor-element elementor-element-e0c57b0 elementor-widget elementor-widget-neuros_heading\" data-id=\"e0c57b0\" data-element_type=\"widget\" data-e-type=\"widget\" data-widget_type=\"neuros_heading.default\">\n\t\t\t\t<div class=\"elementor-widget-container\">\n\t\t\t\t\t<div class=\"neuros-heading-widget\"><h2 class=\"neuros-heading\"><span class=\"neuros-heading-content has_gradient_color_text\">Khaled Shalabi\u00a0 \u00a0.Wuppertal\u00a0<\/span><\/h2><\/div>\t\t\t\t<\/div>\n\t\t\t\t<\/div>\n\t\t\t\t<div class=\"elementor-element elementor-element-cdd1955 elementor-widget elementor-widget-text-editor\" data-id=\"cdd1955\" data-element_type=\"widget\" data-e-type=\"widget\" data-widget_type=\"text-editor.default\">\n\t\t\t\t<div class=\"elementor-widget-container\">\n\t\t\t\t\t\t\t\t\t<p>\u00a0<\/p><p>Seit drei Jahren verfolge ich die Entwicklung der k\u00fcnstlichen Intelligenz ohne Unterbrechung.<br \/>Wenn KI das profitabelste Gesch\u00e4ft und wichtigste Investment der kommenden Jahre ist,<br \/>dann sagt der Verstand: Investiere deine Zeit und Energie jetzt \u2013 bevor es zu sp\u00e4t ist.<br \/>Die Erde beginnt sich zu ver\u00e4ndern,<br \/>und was uns in diesem Wettlauf erwartet, k\u00f6nnte die Welt, wie wir sie kennen, ver\u00e4ndern. \ud83c\udf0d\u2699\ufe0f<\/p>\t\t\t\t\t\t\t\t<\/div>\n\t\t\t\t<\/div>\n\t\t\t\t<div class=\"elementor-element elementor-element-e3d7c31 neuros-button-border-style-gradient neuros-button-bakground-style-solid elementor-widget elementor-widget-neuros_button\" data-id=\"e3d7c31\" data-element_type=\"widget\" data-e-type=\"widget\" data-widget_type=\"neuros_button.default\">\n\t\t\t\t<div class=\"elementor-widget-container\">\n\t\t\t\t\t\n        <div class=\"button-widget\">\n            <div class=\"button-container\">\n                                <a class=\"neuros-button\" href=\"https:\/\/mosaicconnect.io\/unsere-vision\/\" href=\"https:\/\/mosaicconnect.io\/unsere-vision\/\" target=\"_blank\">Chatten Sie mit US                        <span class=\"icon-button-arrow left\"><\/span><span class=\"icon-button-arrow right\"><\/span>                    \n                    <span class=\"button-inner\"><\/span>\n                <\/a>\n                            <\/div>\n        <\/div>\n        \t\t\t\t<\/div>\n\t\t\t\t<\/div>\n\t\t\t\t\t<\/div>\n\t\t<\/div>\n\t\t\t\t\t<\/div>\n\t\t<\/section>\n\t\t\t\t<\/div>\n\t\t","protected":false},"excerpt":{"rendered":"<p>Tolle Teammitglieder 0 + \u00a0 Von Kairo nach Deutschland \ud83c\udde9\ud83c\uddea\ud83c\uddea\ud83c\uddecMein Team in Kairo und ich sind mit dem MosaicConnect-System verbunden.Alles, was Sie an Programmierern und Spezialisten brauchen \u2013 wir sind hier, um kluge K\u00f6pfe zu vereinen und bereit, die gr\u00f6\u00dften deutsch-arabischen&#8230;<\/p>\n","protected":false},"author":1,"featured_media":0,"parent":0,"menu_order":0,"comment_status":"closed","ping_status":"closed","template":"","meta":{"_joinchat":[],"footnotes":""},"class_list":["post-26191","page","type-page","status-publish","hentry"],"_hostinger_reach_plugin_has_subscription_block":false,"_hostinger_reach_plugin_is_elementor":false,"_links":{"self":[{"href":"https:\/\/mosaicconnect.io\/de\/wp-json\/wp\/v2\/pages\/26191","targetHints":{"allow":["GET"]}}],"collection":[{"href":"https:\/\/mosaicconnect.io\/de\/wp-json\/wp\/v2\/pages"}],"about":[{"href":"https:\/\/mosaicconnect.io\/de\/wp-json\/wp\/v2\/types\/page"}],"author":[{"embeddable":true,"href":"https:\/\/mosaicconnect.io\/de\/wp-json\/wp\/v2\/users\/1"}],"replies":[{"embeddable":true,"href":"https:\/\/mosaicconnect.io\/de\/wp-json\/wp\/v2\/comments?post=26191"}],"version-history":[{"count":13,"href":"https:\/\/mosaicconnect.io\/de\/wp-json\/wp\/v2\/pages\/26191\/revisions"}],"predecessor-version":[{"id":26213,"href":"https:\/\/mosaicconnect.io\/de\/wp-json\/wp\/v2\/pages\/26191\/revisions\/26213"}],"wp:attachment":[{"href":"https:\/\/mosaicconnect.io\/de\/wp-json\/wp\/v2\/media?parent=26191"}],"curies":[{"name":"wp","href":"https:\/\/api.w.org\/{rel}","templated":true}]}}