{"id":24826,"date":"2024-02-05T18:18:10","date_gmt":"2024-02-05T18:18:10","guid":{"rendered":"https:\/\/mosaicconnect.io\/treffen-sie-neuro\/"},"modified":"2025-12-29T03:20:05","modified_gmt":"2025-12-29T03:20:05","slug":"intelligentes-management","status":"publish","type":"page","link":"https:\/\/mosaicconnect.io\/de\/intelligentes-management\/","title":{"rendered":"Intelligentes Management"},"content":{"rendered":"\t\t<div data-elementor-type=\"wp-page\" data-elementor-id=\"24826\" class=\"elementor elementor-24826 elementor-2324\" data-elementor-post-type=\"page\">\n\t\t\t\t\t\t<section class=\"elementor-section elementor-top-section elementor-element elementor-element-0b5079a elementor-section-full_width elementor-section-stretched elementor-section-height-default elementor-section-height-default\" data-id=\"0b5079a\" data-element_type=\"section\" data-e-type=\"section\" data-settings=\"{&quot;stretch_section&quot;:&quot;section-stretched&quot;}\">\n\t\t\t\t\t\t<div class=\"elementor-container elementor-column-gap-no\">\n\t\t\t\t\t<div class=\"elementor-column elementor-col-100 elementor-top-column elementor-element elementor-element-83a2730\" data-id=\"83a2730\" data-element_type=\"column\" data-e-type=\"column\">\n\t\t\t<div class=\"elementor-widget-wrap elementor-element-populated\">\n\t\t\t\t\t\t<div class=\"elementor-element elementor-element-77a96ff elementor-widget elementor-widget-neuros_heading\" data-id=\"77a96ff\" data-element_type=\"widget\" data-e-type=\"widget\" data-widget_type=\"neuros_heading.default\">\n\t\t\t\t<div class=\"elementor-widget-container\">\n\t\t\t\t\t<div class=\"neuros-heading-widget\"><h2 class=\"neuros-heading\"><span class=\"neuros-heading-content has_gradient_color_text\"><del>Wir vereinen unsere St\u00e4rke auf einer Plattform mit intelligentem Management.<\/del><\/span><\/h2><\/div>\t\t\t\t<\/div>\n\t\t\t\t<\/div>\n\t\t\t\t\t<\/div>\n\t\t<\/div>\n\t\t\t\t\t<\/div>\n\t\t<\/section>\n\t\t\t\t<section class=\"elementor-section elementor-top-section elementor-element elementor-element-278bbb4 elementor-section-boxed elementor-section-height-default elementor-section-height-default\" data-id=\"278bbb4\" data-element_type=\"section\" data-e-type=\"section\">\n\t\t\t\t\t\t<div class=\"elementor-container elementor-column-gap-default\">\n\t\t\t\t\t<div class=\"elementor-column elementor-col-100 elementor-top-column elementor-element elementor-element-4cf94a9\" data-id=\"4cf94a9\" data-element_type=\"column\" data-e-type=\"column\">\n\t\t\t<div class=\"elementor-widget-wrap elementor-element-populated\">\n\t\t\t\t\t\t<div class=\"elementor-element elementor-element-e4ab711 elementor-widget elementor-widget-text-editor\" data-id=\"e4ab711\" data-element_type=\"widget\" data-e-type=\"widget\" data-widget_type=\"text-editor.default\">\n\t\t\t\t<div class=\"elementor-widget-container\">\n\t\t\t\t\t\t\t\t\t<p>Smart Workflow Management in Deutschland<\/p><p>Mosaic Connect ist eine in Deutschland t\u00e4tige Technologie-Agentur<br \/>f\u00fcr Smart Workflow Management, Web Automation und Business Automation.<\/p><p>Von unserem Standort in Deutschland aus<br \/>steuern wir digitale Arbeitsabl\u00e4ufe f\u00fcr Unternehmen in<br \/>Deutschland, Europa und international<br \/>\u00fcber virtuelle B\u00fcros und zentralisierte Systeme.<\/p><p>Unsere L\u00f6sungen richten sich an Unternehmen,<br \/>die ihre Prozesse skalieren, automatisieren<br \/>und klar kontrollieren m\u00f6chten.<\/p><p>\u00a0<\/p><p>Lokale Smart-Workflow-L\u00f6sungen f\u00fcr deutsche Unternehmen<\/p><p>Smart Workflow Management bedeutet,<br \/>intelligente Agenten direkt in Ihr Websystem zu integrieren<br \/>und Gesch\u00e4ftsprozesse automatisiert zu steuern<br \/>von der Website bis zu internen Verwaltungs- und Lagerprozessen.<\/p><p>Unsere Systeme sind speziell ausgelegt f\u00fcr:<\/p><p>deutsche Unternehmen<\/p><p>internationale Teams mit Sitz in Deutschland<\/p><p>skalierbare Gesch\u00e4ftsmodelle<\/p><p>mehrsprachige Kommunikation<\/p><p>DSGVO-konforme Prozesse<\/p><p>\u00a0<\/p><p><br \/>Von der Website bis zur internen Organisation<\/p><p>Unsere Smart-Workflow-L\u00f6sungen verbinden:<\/p><p>Website und Online-Shop<\/p><p>administrative Abl\u00e4ufe<\/p><p>Lager- und Bestandsmanagement<\/p><p>Remote-Teams<\/p><p>Reporting, Recruiting und Beschwerdemanagement<\/p><p><br \/>Ihre Website wird zur zentralen Steuerungsplattform Ihres Unternehmens<br \/>hier in Deutschland.<\/p><p>\u00a0<\/p><p>Warum Mosaic Connect in Deutschland?<\/p><p>Smart Workflow Management f\u00fcr Unternehmen in Deutschland<\/p><p>Zentrale Steuerung aus Deutschland<\/p><p>Skalierbare Web- und Business-Automatisierung<\/p><p>Mehrsprachige Systeme f\u00fcr internationale M\u00e4rkte<\/p><p>Klare Prozesse statt manueller Koordination<\/p><p>\u00a0<\/p><p><br \/>Fazit<\/p><p>Smart Workflow Management ist kein Tool.<br \/>Es ist ein intelligentes System,<br \/>das Unternehmen in Deutschland dabei unterst\u00fctzt,<br \/>effizienter, transparenter und kontrollierter zu arbeiten.<\/p><p>\u00a0<\/p><p>Starten Sie jetzt mit Ihrer smarten Automatisierung<\/p><p>Nutzen Sie unsere ma\u00dfgeschneiderte Chat-L\u00f6sung<br \/>als Ihren professionellen digitalen Berater<br \/>f\u00fcr Smart Workflow Management, Web-Automatisierung<br \/>und intelligente Gesch\u00e4ftsprozesse.<\/p><p>Sprechen Sie mit unserer Smart-Chat-L\u00f6sung<br \/>und erhalten Sie eine klare Einsch\u00e4tzung<br \/>f\u00fcr die Automatisierung Ihres Unternehmens in Deutschland.<\/p><p>Jetzt Beratung starten<br \/>und den n\u00e4chsten Schritt Richtung Smart Workflow Management gehen.<\/p><p>Mosaic Connect | Web &amp; Business Automation in Deutschland<\/p>\t\t\t\t\t\t\t\t<\/div>\n\t\t\t\t<\/div>\n\t\t\t\t<div class=\"elementor-element elementor-element-da213ce elementor-widget__width-initial neuros-button-border-style-gradient neuros-button-bakground-style-solid elementor-widget elementor-widget-neuros_button\" data-id=\"da213ce\" data-element_type=\"widget\" data-e-type=\"widget\" data-widget_type=\"neuros_button.default\">\n\t\t\t\t<div class=\"elementor-widget-container\">\n\t\t\t\t\t\n        <div class=\"button-widget\">\n            <div class=\"button-container\">\n                                <a class=\"neuros-button\" href=\"https:\/\/mosaicconnect.io\/unsere-vision\/\" href=\"https:\/\/mosaicconnect.io\/unsere-vision\/\" target=\"_blank\">Arbeitsweise                        <span class=\"icon-button-arrow left\"><\/span><span class=\"icon-button-arrow right\"><\/span>                    \n                    <span class=\"button-inner\"><\/span>\n                <\/a>\n                            <\/div>\n        <\/div>\n        \t\t\t\t<\/div>\n\t\t\t\t<\/div>\n\t\t\t\t\t<\/div>\n\t\t<\/div>\n\t\t\t\t\t<\/div>\n\t\t<\/section>\n\t\t\t\t<\/div>\n\t\t","protected":false},"excerpt":{"rendered":"<p>Smart Workflow Management in Deutschland Mosaic Connect ist eine in Deutschland t\u00e4tige Technologie-Agenturf\u00fcr Smart Workflow Management, Web Automation und Business Automation. Von unserem Standort in Deutschland aussteuern wir digitale Arbeitsabl\u00e4ufe f\u00fcr Unternehmen inDeutschland, Europa und international\u00fcber virtuelle B\u00fcros und zentralisierte Systeme&#8230;.<\/p>\n","protected":false},"author":1,"featured_media":0,"parent":0,"menu_order":0,"comment_status":"closed","ping_status":"closed","template":"","meta":{"_joinchat":[],"footnotes":""},"class_list":["post-24826","page","type-page","status-publish","hentry"],"_hostinger_reach_plugin_has_subscription_block":false,"_hostinger_reach_plugin_is_elementor":false,"_links":{"self":[{"href":"https:\/\/mosaicconnect.io\/de\/wp-json\/wp\/v2\/pages\/24826","targetHints":{"allow":["GET"]}}],"collection":[{"href":"https:\/\/mosaicconnect.io\/de\/wp-json\/wp\/v2\/pages"}],"about":[{"href":"https:\/\/mosaicconnect.io\/de\/wp-json\/wp\/v2\/types\/page"}],"author":[{"embeddable":true,"href":"https:\/\/mosaicconnect.io\/de\/wp-json\/wp\/v2\/users\/1"}],"replies":[{"embeddable":true,"href":"https:\/\/mosaicconnect.io\/de\/wp-json\/wp\/v2\/comments?post=24826"}],"version-history":[{"count":13,"href":"https:\/\/mosaicconnect.io\/de\/wp-json\/wp\/v2\/pages\/24826\/revisions"}],"predecessor-version":[{"id":27450,"href":"https:\/\/mosaicconnect.io\/de\/wp-json\/wp\/v2\/pages\/24826\/revisions\/27450"}],"wp:attachment":[{"href":"https:\/\/mosaicconnect.io\/de\/wp-json\/wp\/v2\/media?parent=24826"}],"curies":[{"name":"wp","href":"https:\/\/api.w.org\/{rel}","templated":true}]}}