{"id":24735,"date":"2024-01-17T21:20:09","date_gmt":"2024-01-17T21:20:09","guid":{"rendered":"https:\/\/mosaicconnect.io\/der-blog\/"},"modified":"2025-12-27T20:26:57","modified_gmt":"2025-12-27T20:26:57","slug":"der-blog","status":"publish","type":"page","link":"https:\/\/mosaicconnect.io\/de\/der-blog\/","title":{"rendered":"Der Blog"},"content":{"rendered":"\t\t<div data-elementor-type=\"wp-page\" data-elementor-id=\"24735\" class=\"elementor elementor-24735\" data-elementor-post-type=\"page\">\n\t\t\t\t\t\t<section class=\"elementor-section elementor-top-section elementor-element elementor-element-5d02c5f elementor-section-boxed elementor-section-height-default elementor-section-height-default\" data-id=\"5d02c5f\" data-element_type=\"section\" data-e-type=\"section\">\n\t\t\t\t\t\t<div class=\"elementor-container elementor-column-gap-default\">\n\t\t\t\t\t<div class=\"elementor-column elementor-col-100 elementor-top-column elementor-element elementor-element-20157d0\" data-id=\"20157d0\" data-element_type=\"column\" data-e-type=\"column\">\n\t\t\t<div class=\"elementor-widget-wrap elementor-element-populated\">\n\t\t\t\t\t\t<div class=\"elementor-element elementor-element-40538fd listing-pagination-border-style-gradient listing-pagination-background-style-solid elementor-widget elementor-widget-neuros_blog_listing\" data-id=\"40538fd\" data-element_type=\"widget\" data-e-type=\"widget\" data-widget_type=\"neuros_blog_listing.default\">\n\t\t\t\t<div class=\"elementor-widget-container\">\n\t\t\t\t\t\n        <div class=\"archive-listing\" data-ajax='{&quot;post_type&quot;:&quot;post&quot;,&quot;post_status&quot;:&quot;publish&quot;,&quot;posts_per_page&quot;:4,&quot;offset&quot;:false,&quot;orderby&quot;:&quot;date&quot;,&quot;order&quot;:&quot;desc&quot;,&quot;paged&quot;:1,&quot;category_name&quot;:&quot;&quot;,&quot;tag&quot;:&quot;&quot;,&quot;post__in&quot;:&quot;&quot;,&quot;ignore_sticky_posts&quot;:false,&quot;link_base&quot;:&quot;https:\\\/\\\/mosaicconnect.io\\\/de\\\/wp-json\\\/wp\\\/v2\\\/pages\\\/24735\\\/&quot;}' data-widget='{&quot;listing_type&quot;:&quot;classic&quot;,&quot;excerpt_length&quot;:218,&quot;show_cat&quot;:&quot;yes&quot;,&quot;show_media&quot;:&quot;yes&quot;,&quot;show_author&quot;:&quot;yes&quot;,&quot;show_date&quot;:&quot;yes&quot;,&quot;show_title&quot;:&quot;yes&quot;,&quot;show_tags&quot;:&quot;no&quot;,&quot;show_excerpt&quot;:&quot;yes&quot;,&quot;show_read_more&quot;:&quot;&quot;,&quot;read_more_text&quot;:&quot;Mehr lesen&quot;,&quot;columns_number&quot;:1,&quot;show_pagination&quot;:&quot;yes&quot;,&quot;item_class&quot;:&quot;post standard-blog-item-wrapper&quot;}'>\n            <div class=\"archive-listing-wrapper classic-listing\">\n                \n<div class=\"standard-blog-item-wrapper post post-28899 type-post status-publish format-standard has-post-thumbnail hentry category-neueste-artikel\">\n    <div class=\"blog-item\">\n        <div class=\"post-media-wrapper\"><a href=\"https:\/\/mosaicconnect.io\/de\/hotel-automatisierungsloesungen\/\"><picture><source media=\"(max-width: 575px)\" sizes=\"(max-width: 575px) 575px\" srcset=\"https:\/\/mosaicconnect.io\/wp-content\/uploads\/2025\/11\/WhatsApp-Image-2025-11-22-at-19.53.19_42d9213a-575x274.jpg 575w\"><source media=\"(max-width: 991px)\" sizes=\"(max-width: 991px) 991px\" srcset=\"https:\/\/mosaicconnect.io\/wp-content\/uploads\/2025\/11\/WhatsApp-Image-2025-11-22-at-19.53.19_42d9213a-991x472.jpg 991w\"><img decoding=\"async\" alt=\"Hotel Automatisierungsl\u00f6sungen f\u00fcr Hotels in Deutschland - Mosaic Connect\" title=\"Hotel Automatisierungsl\u00f6sungen f\u00fcr Hotels in Deutschland - Mosaic Connect\" src=\"https:\/\/mosaicconnect.io\/wp-content\/uploads\/2025\/11\/WhatsApp-Image-2025-11-22-at-19.53.19_42d9213a-1024x638.jpg\" class=\"attachment-post-thumbnail size-post-thumbnail wp-post-image\" \/><\/picture><\/a><\/div><div class=\"post-meta-header\"><div class=\"post-meta-items-wrapper\"><div class=\"post-meta-items\"><div class=\"post-meta-item post-meta-item-date\"><a href=\"https:\/\/mosaicconnect.io\/de\/2026\/02\/13\/\">13. Februar 2026<\/a><\/div><div class=\"post-meta-item post-meta-item-author\"><a href=\"https:\/\/mosaicconnect.io\/de\/author\/Mostafa\/\">Mostafa Khames<\/a><\/div><\/div><\/div><\/div><h3 class=\"post-title\"><a href=\"https:\/\/mosaicconnect.io\/de\/hotel-automatisierungsloesungen\/\">Hotel Automatisierungsl\u00f6sungen f\u00fcr Hotels in Deutschland<\/a><\/h3><div class=\"post-content\">Die Hotelbranche in Deutschland steht unter starkem Wettbewerbsdruck. Steigende Personalkosten, hohe G\u00e4steerwartungen und zunehmende digitale Buchungskan\u00e4le zwingen Hotels dazu, Prozesse effizienter zu gestalten. Gen<\/div><div class=\"post-labels\"><div class=\"post-categories\"><a class=\"post-category-item\" href=\"https:\/\/mosaicconnect.io\/de\/category\/neueste-artikel\/\">Neueste Artikel<\/a><\/div><\/div>    <\/div>\n<\/div>\n<div class=\"standard-blog-item-wrapper post post-28842 type-post status-publish format-standard has-post-thumbnail hentry category-neueste-artikel\">\n    <div class=\"blog-item\">\n        <div class=\"post-media-wrapper\"><a href=\"https:\/\/mosaicconnect.io\/de\/marketing-automation-agentur\/\"><picture><source media=\"(max-width: 575px)\" sizes=\"(max-width: 575px) 575px\" srcset=\"https:\/\/mosaicconnect.io\/wp-content\/uploads\/2025\/11\/WhatsApp-Image-2025-11-22-at-19.53.19_88231bee-575x274.jpg 575w\"><source media=\"(max-width: 991px)\" sizes=\"(max-width: 991px) 991px\" srcset=\"https:\/\/mosaicconnect.io\/wp-content\/uploads\/2025\/11\/WhatsApp-Image-2025-11-22-at-19.53.19_88231bee-991x472.jpg 991w\"><img decoding=\"async\" alt=\"Marketing Automation Agentur f\u00fcr Unternehmen in Deutschland\" title=\"Marketing Automation Agentur f\u00fcr Unternehmen in Deutschland\" src=\"https:\/\/mosaicconnect.io\/wp-content\/uploads\/2025\/11\/WhatsApp-Image-2025-11-22-at-19.53.19_88231bee-1024x638.jpg\" class=\"attachment-post-thumbnail size-post-thumbnail wp-post-image\" \/><\/picture><\/a><\/div><div class=\"post-meta-header\"><div class=\"post-meta-items-wrapper\"><div class=\"post-meta-items\"><div class=\"post-meta-item post-meta-item-date\"><a href=\"https:\/\/mosaicconnect.io\/de\/2026\/02\/12\/\">12. Februar 2026<\/a><\/div><div class=\"post-meta-item post-meta-item-author\"><a href=\"https:\/\/mosaicconnect.io\/de\/author\/Mostafa\/\">Mostafa Khames<\/a><\/div><\/div><\/div><\/div><h3 class=\"post-title\"><a href=\"https:\/\/mosaicconnect.io\/de\/marketing-automation-agentur\/\">Marketing Automation Agentur f\u00fcr Unternehmen in Deutschland<\/a><\/h3><div class=\"post-content\">Scale your business with an intelligent marketing automation agency that seamlessly connects marketing, sales, and digital processes. Mosaic Connect develops AI-powered automation systems that accelerate your growth an<\/div><div class=\"post-labels\"><div class=\"post-categories\"><a class=\"post-category-item\" href=\"https:\/\/mosaicconnect.io\/de\/category\/neueste-artikel\/\">Neueste Artikel<\/a><\/div><\/div>    <\/div>\n<\/div>\n<div class=\"standard-blog-item-wrapper post post-27762 type-post status-publish format-standard has-post-thumbnail hentry category-neueste-artikel\">\n    <div class=\"blog-item\">\n        <div class=\"post-media-wrapper\"><a href=\"https:\/\/mosaicconnect.io\/de\/automatisierungstechnik-firmen-in-deutschland\/\"><picture><source media=\"(max-width: 575px)\" sizes=\"(max-width: 575px) 575px\" srcset=\"https:\/\/mosaicconnect.io\/wp-content\/uploads\/2026\/02\/600537149_122192252792348867_1923535799987610111_n-575x274.jpg 575w\"><source media=\"(max-width: 991px)\" sizes=\"(max-width: 991px) 991px\" srcset=\"https:\/\/mosaicconnect.io\/wp-content\/uploads\/2026\/02\/600537149_122192252792348867_1923535799987610111_n-991x472.jpg 991w\"><img decoding=\"async\" alt=\"Hotel Automatisierungsl\u00f6sungen f\u00fcr Hotels in Deutschland - Mosaic Connect\" title=\"Hotel Automatisierungsl\u00f6sungen f\u00fcr Hotels in Deutschland - Mosaic Connect\" src=\"https:\/\/mosaicconnect.io\/wp-content\/uploads\/2026\/02\/600537149_122192252792348867_1923535799987610111_n-1340x638.jpg\" class=\"attachment-post-thumbnail size-post-thumbnail wp-post-image\" \/><\/picture><\/a><\/div><div class=\"post-meta-header\"><div class=\"post-meta-items-wrapper\"><div class=\"post-meta-items\"><div class=\"post-meta-item post-meta-item-date\"><a href=\"https:\/\/mosaicconnect.io\/de\/2026\/02\/02\/\">2. Februar 2026<\/a><\/div><div class=\"post-meta-item post-meta-item-author\"><a href=\"https:\/\/mosaicconnect.io\/de\/author\/Mostafa\/\">Mostafa Khames<\/a><\/div><\/div><\/div><\/div><h3 class=\"post-title\"><a href=\"https:\/\/mosaicconnect.io\/de\/automatisierungstechnik-firmen-in-deutschland\/\">Automatisierungstechnik Firmen in Deutschland: Moderne L\u00f6sungen f\u00fcr digitale Gesch\u00e4ftsprozesse<\/a><\/h3><div class=\"post-content\">The demand for automation technology in Germany is growing rapidly. Companies across all sectors are looking for intelligent solutions to optimize processes, reduce costs, and remain competitive. Digital automation is <\/div><div class=\"post-labels\"><div class=\"post-categories\"><a class=\"post-category-item\" href=\"https:\/\/mosaicconnect.io\/de\/category\/neueste-artikel\/\">Neueste Artikel<\/a><\/div><\/div>    <\/div>\n<\/div>\n<div class=\"standard-blog-item-wrapper post post-24675 type-post status-publish format-standard has-post-thumbnail hentry category-neueste-artikel\">\n    <div class=\"blog-item\">\n        <div class=\"post-media-wrapper\"><a href=\"https:\/\/mosaicconnect.io\/de\/ki-gestuetztes-workflow-management\/\"><picture><source media=\"(max-width: 575px)\" sizes=\"(max-width: 575px) 575px\" srcset=\"https:\/\/mosaicconnect.io\/wp-content\/uploads\/2025\/10\/IMG-20251024-WA0071-575x274.jpg 575w\"><source media=\"(max-width: 991px)\" sizes=\"(max-width: 991px) 991px\" srcset=\"https:\/\/mosaicconnect.io\/wp-content\/uploads\/2025\/10\/IMG-20251024-WA0071-991x472.jpg 991w\"><img decoding=\"async\" alt=\"IMG-20251024-WA0071\" title=\"IMG-20251024-WA0071\" src=\"https:\/\/mosaicconnect.io\/wp-content\/uploads\/2025\/10\/IMG-20251024-WA0071-1340x638.jpg\" class=\"attachment-post-thumbnail size-post-thumbnail wp-post-image\" \/><\/picture><\/a><\/div><div class=\"post-meta-header\"><div class=\"post-meta-items-wrapper\"><div class=\"post-meta-items\"><div class=\"post-meta-item post-meta-item-date\"><a href=\"https:\/\/mosaicconnect.io\/de\/2025\/12\/29\/\">29. Dezember 2025<\/a><\/div><div class=\"post-meta-item post-meta-item-author\"><a href=\"https:\/\/mosaicconnect.io\/de\/author\/mosaic%20connect\/\">alkudaimim@gmail.com<\/a><\/div><\/div><\/div><\/div><h3 class=\"post-title\"><a href=\"https:\/\/mosaicconnect.io\/de\/ki-gestuetztes-workflow-management\/\">Daten sind das neue \u00d6l  K\u00fcnstliche Intelligenz ist die Raffinerie, die daraus Milliarden macht<\/a><\/h3><div class=\"post-content\">In der modernen Gesch\u00e4ftswelt entstehen Verm\u00f6gen nicht aus dem Nichts. Sie werden entdeckt und intelligent erschlossen. So wie Roh\u00f6l einst nur eine schwarze, wertlose Fl\u00fcssigkeit war, bevor Raffinerien es in Treibs<\/div><div class=\"post-labels\"><div class=\"post-categories\"><a class=\"post-category-item\" href=\"https:\/\/mosaicconnect.io\/de\/category\/neueste-artikel\/\">Neueste Artikel<\/a><\/div><\/div>    <\/div>\n<\/div>            <\/div>\n\n            <div class=\"content-pagination\"><nav class=\"navigation pagination\" role=\"navigation\"><h2 class=\"screen-reader-text\">Pagination<\/h2><div class=\"nav-links\"><span aria-current=\"page\" class=\"page-numbers current\"><span class=\"button-inner\"><\/span>1<\/span>\n<a class=\"page-numbers\" href=\"https:\/\/mosaicconnect.io\/de\/wp-json\/wp\/v2\/pages\/24735\/?40538fd-paged=2\"><span class=\"button-inner\"><\/span>2<\/a>\n<a class=\"next page-numbers\" href=\"https:\/\/mosaicconnect.io\/de\/wp-json\/wp\/v2\/pages\/24735\/?40538fd-paged=2\">Next<span class=\"button-inner\"><\/span><span class=\"icon-button-arrow left\"><\/span><span class=\"icon-button-arrow right\"><\/span><\/a><\/div><\/nav><\/div>        <\/div>\n        \t\t\t\t<\/div>\n\t\t\t\t<\/div>\n\t\t\t\t\t<\/div>\n\t\t<\/div>\n\t\t\t\t\t<\/div>\n\t\t<\/section>\n\t\t\t\t<\/div>\n\t\t","protected":false},"excerpt":{"rendered":"","protected":false},"author":1,"featured_media":0,"parent":0,"menu_order":0,"comment_status":"closed","ping_status":"closed","template":"","meta":{"_joinchat":[],"footnotes":""},"class_list":["post-24735","page","type-page","status-publish","hentry"],"_hostinger_reach_plugin_has_subscription_block":false,"_hostinger_reach_plugin_is_elementor":false,"_links":{"self":[{"href":"https:\/\/mosaicconnect.io\/de\/wp-json\/wp\/v2\/pages\/24735","targetHints":{"allow":["GET"]}}],"collection":[{"href":"https:\/\/mosaicconnect.io\/de\/wp-json\/wp\/v2\/pages"}],"about":[{"href":"https:\/\/mosaicconnect.io\/de\/wp-json\/wp\/v2\/types\/page"}],"author":[{"embeddable":true,"href":"https:\/\/mosaicconnect.io\/de\/wp-json\/wp\/v2\/users\/1"}],"replies":[{"embeddable":true,"href":"https:\/\/mosaicconnect.io\/de\/wp-json\/wp\/v2\/comments?post=24735"}],"version-history":[{"count":1,"href":"https:\/\/mosaicconnect.io\/de\/wp-json\/wp\/v2\/pages\/24735\/revisions"}],"predecessor-version":[{"id":24736,"href":"https:\/\/mosaicconnect.io\/de\/wp-json\/wp\/v2\/pages\/24735\/revisions\/24736"}],"wp:attachment":[{"href":"https:\/\/mosaicconnect.io\/de\/wp-json\/wp\/v2\/media?parent=24735"}],"curies":[{"name":"wp","href":"https:\/\/api.w.org\/{rel}","templated":true}]}}