{"id":24688,"date":"2025-07-10T21:39:20","date_gmt":"2025-07-10T21:39:20","guid":{"rendered":"https:\/\/mosaicconnect.io\/rekrutierung\/"},"modified":"2025-07-10T22:04:42","modified_gmt":"2025-07-10T22:04:42","slug":"rekrutierung","status":"publish","type":"page","link":"https:\/\/mosaicconnect.io\/de\/rekrutierung\/","title":{"rendered":"Rekrutierung"},"content":{"rendered":"\t\t<div data-elementor-type=\"wp-page\" data-elementor-id=\"24688\" class=\"elementor elementor-24688 elementor-24679\" data-elementor-post-type=\"page\">\n\t\t\t\t\t\t<section class=\"elementor-section elementor-top-section elementor-element elementor-element-cf6ee64 elementor-section-boxed elementor-section-height-default elementor-section-height-default\" data-id=\"cf6ee64\" data-element_type=\"section\" data-e-type=\"section\">\n\t\t\t\t\t\t<div class=\"elementor-container elementor-column-gap-default\">\n\t\t\t\t\t<div class=\"elementor-column elementor-col-100 elementor-top-column elementor-element elementor-element-b097007\" data-id=\"b097007\" data-element_type=\"column\" data-e-type=\"column\">\n\t\t\t<div class=\"elementor-widget-wrap elementor-element-populated\">\n\t\t\t\t\t\t<div class=\"elementor-element elementor-element-e9a86d3 elementor-widget elementor-widget-text-editor\" data-id=\"e9a86d3\" data-element_type=\"widget\" data-e-type=\"widget\" data-widget_type=\"text-editor.default\">\n\t\t\t\t<div class=\"elementor-widget-container\">\n\t\t\t\t\t\t\t\t\t\n<h3>Werden Sie Mitglied des MosaicConnect Smart Teams<\/h3>\n<h5>Sind die Zeiten der Zertifikate vorbei?\nJa&#8230; und nein. Wie kommt das? <\/h5>\nIn Deutschland nehmen wir w\u00f6chentlich an von der Regierung gesponserten Veranstaltungen teil, auf denen die neuesten KI-Technologien vorgestellt werden. Wir sehen aus n\u00e4chster N\u00e4he, wie diese Tools beginnen, die traditionellen Unternehmen zu \u00fcberrollen.   \n\nHaben Sie schon von intelligenten Finanzbuchhaltungssystemen geh\u00f6rt?\nEin einziges digitales System kann heute Tausende von Unternehmen von der Notwendigkeit befreien, traditionelle Buchhalter zu besch\u00e4ftigen. \n\nDie Frage lautet nicht mehr: Wird sich KI auf das Gesch\u00e4ft auswirken?\nsondern vielmehr: Wird Ihr Unternehmen noch existieren, wenn Sie heute keine Automatisierung und KI einf\u00fchren?  \n<h4>Bei MosaicConnect fragen wir nicht nach einem Abschluss&#8230; wir fragen nach Ihnen:<\/h4>\n<ol>\n \t<li>Haben Sie die Leidenschaft, die F\u00e4higkeit, die Entschlossenheit? <\/li>\n \t<li>Wo ist Ihr Gesch\u00e4ft?<\/li>\n \t<li>F\u00fcr wen ist diese Anzeige bestimmt?<\/li>\n<\/ol>\nWenn Sie ein Profi in einem der folgenden Bereiche sind, ist Ihr Platz bei uns: \n<ul>\n \t<li>Entwicklung von Websites und E-Commerce<\/li>\n \t<li>WordPress<\/li>\n \t<li>WooCommerce<\/li>\n \t<li>Shopify<\/li>\n \t<li>Microsoft Dynamics 365<\/li>\n \t<li>Microsoft Power Plattform<\/li>\n \t<li>Intelligente Automatisierungssysteme<\/li>\n \t<li>Zapier \/ N8N \/ Make<\/li>\n \t<li>Airtable \/ Notion API<\/li>\n \t<li>Genspark \/ Manos \/ Superagent<\/li>\n \t<li>Agenten Automatisierung (OpenAI, AutoGPT)<\/li>\n \t<li>Design und Redaktion<\/li>\n \t<li>Canva (nur f\u00fcr Profis)<\/li>\n \t<li>Adobe Premiere Pro<\/li>\n \t<li>CapCut Pro<\/li>\n \t<li>Adobe After Effects (Bonus)<\/li>\n \t<li>Gestaltung von 3D-Anzeigen<\/li>\n \t<li>Digitales Werbemanagement<\/li>\n \t<li>Meta Ads Manager<\/li>\n \t<li>TikTok-Anzeigen<\/li>\n \t<li>Google-Anzeigen<\/li>\n \t<li>LinkedIn-Anzeigen<\/li>\n \t<li>Snapchat Business<\/li>\n \t<li>(X-Anzeigen f\u00fcr diejenigen mit professionellem Zugang)<\/li>\n \t<li>E-Mail-Marketing und Datenanalyse<\/li>\n \t<li>Klaviyo \/ Mailchimp \/ Brevo<\/li>\n \t<li>Google Analytics \/ Looker Studio<\/li>\n \t<li>Facebook-Veranstaltungsmanager<\/li>\n \t<li>UTM-Tags \/ Pixel Tracking<\/li>\n<\/ul>\n<h4>Nach wem suchen wir?<\/h4>\n<ul>\n \t<li>Leidenschaftlich f\u00fcr digitale Arbeit<\/li>\n \t<li>Besitzt echte Projekte und Unternehmen<\/li>\n \t<li>Sie haben Unternehmergeist und Kooperationsbereitschaft<\/li>\n \t<li>Bereit zum Aufbau der digitalen Zukunft Syriens<\/li>\n<\/ul>\n<h3>Warum MosaicConnect?<\/h3>\n<ul>\n \t<li>Aufbau des ersten integrierten digitalen \u00d6kosystems in Syrien<\/li>\n \t<li>Wir verwenden die neuesten Tools der k\u00fcnstlichen Intelligenz<\/li>\n \t<li>Wir respektieren Zeit und Fachwissen und glauben an die nationale Vision <\/li>\n \t<li>Wir sind nicht nur dabei, um zu gewinnen, sondern um eine digitale Nation aufzubauen. <\/li>\n<\/ul>\n<h3>Sind Sie bereit anzufangen?<\/h3>\n<ul>\n \t<li>Bereiten Sie eine Mappe mit Ihren Arbeiten oder Ihrem Profil vor<\/li>\n \t<li>Einreichen \u00fcber das Formular oder per E-Mail<\/li>\n \t<li>Wir melden uns in ein paar Tagen wieder bei Ihnen<\/li>\n<\/ul>\n<h6>MosaicConnect &#8211; weil Sie keine Erlaubnis brauchen, um sich zu beweisen&#8230; nur eine echte Chance. Und wir sind hier, um sie Ihnen zu geben. \nStarten Sie jetzt per Live-Chat:<\/h6>\t\t\t\t\t\t\t\t<\/div>\n\t\t\t\t<\/div>\n\t\t\t\t<div class=\"elementor-element elementor-element-d06c93e neuros-button-border-style-gradient neuros-button-bakground-style-solid elementor-widget elementor-widget-neuros_button\" data-id=\"d06c93e\" data-element_type=\"widget\" data-e-type=\"widget\" data-widget_type=\"neuros_button.default\">\n\t\t\t\t<div class=\"elementor-widget-container\">\n\t\t\t\t\t\n        <div class=\"button-widget\">\n            <div class=\"button-container\">\n                                <a class=\"neuros-button\" href=\"https:\/\/api.whatsapp.com\/send\/?phone=4917631469266&#038;text&#038;type=phone_number&#038;app_absent=0\" target=\"_blank\" rel=\"nofollow noopener\">Jetzt verbinden                        <span class=\"icon-button-arrow left\"><\/span><span class=\"icon-button-arrow right\"><\/span>                    \n                    <span class=\"button-inner\"><\/span>\n                <\/a>\n                            <\/div>\n        <\/div>\n        \t\t\t\t<\/div>\n\t\t\t\t<\/div>\n\t\t\t\t\t<\/div>\n\t\t<\/div>\n\t\t\t\t\t<\/div>\n\t\t<\/section>\n\t\t\t\t<\/div>\n\t\t","protected":false},"excerpt":{"rendered":"<p>Werden Sie Mitglied des MosaicConnect Smart Teams Sind die Zeiten der Zertifikate vorbei? Ja&#8230; und nein. Wie kommt das? In Deutschland nehmen wir w\u00f6chentlich an von der Regierung gesponserten Veranstaltungen teil, auf denen die neuesten KI-Technologien vorgestellt werden. Wir sehen aus&#8230;<\/p>\n","protected":false},"author":1,"featured_media":0,"parent":0,"menu_order":0,"comment_status":"closed","ping_status":"closed","template":"","meta":{"_joinchat":[],"footnotes":""},"class_list":["post-24688","page","type-page","status-publish","hentry"],"_hostinger_reach_plugin_has_subscription_block":false,"_hostinger_reach_plugin_is_elementor":false,"_links":{"self":[{"href":"https:\/\/mosaicconnect.io\/de\/wp-json\/wp\/v2\/pages\/24688","targetHints":{"allow":["GET"]}}],"collection":[{"href":"https:\/\/mosaicconnect.io\/de\/wp-json\/wp\/v2\/pages"}],"about":[{"href":"https:\/\/mosaicconnect.io\/de\/wp-json\/wp\/v2\/types\/page"}],"author":[{"embeddable":true,"href":"https:\/\/mosaicconnect.io\/de\/wp-json\/wp\/v2\/users\/1"}],"replies":[{"embeddable":true,"href":"https:\/\/mosaicconnect.io\/de\/wp-json\/wp\/v2\/comments?post=24688"}],"version-history":[{"count":2,"href":"https:\/\/mosaicconnect.io\/de\/wp-json\/wp\/v2\/pages\/24688\/revisions"}],"predecessor-version":[{"id":24698,"href":"https:\/\/mosaicconnect.io\/de\/wp-json\/wp\/v2\/pages\/24688\/revisions\/24698"}],"wp:attachment":[{"href":"https:\/\/mosaicconnect.io\/de\/wp-json\/wp\/v2\/media?parent=24688"}],"curies":[{"name":"wp","href":"https:\/\/api.w.org\/{rel}","templated":true}]}}